{"id":3,"date":"2024-04-15T20:47:28","date_gmt":"2024-04-15T18:47:28","guid":{"rendered":"https:\/\/www.lueurdabeille.fr\/?page_id=3"},"modified":"2024-11-01T11:25:06","modified_gmt":"2024-11-01T10:25:06","slug":"politique-de-confidentialite","status":"publish","type":"page","link":"https:\/\/www.lueurdabeille.fr\/index.php\/politique-de-confidentialite\/","title":{"rendered":"Mentions l\u00e9gales"},"content":{"rendered":"<p>\u00c9diteur du Site<\/p><p>Le site internet <a href=\"https:\/\/www.lueurdabeille.fr\">Lueur d&rsquo;Abeille<\/a> est \u00e9dit\u00e9 par Monsieur Noa Flachard.<\/p><p><strong>Domiciliation de la Soci\u00e9t\u00e9<\/strong><br>Lueur d&rsquo;Abeille<br>158 mont\u00e9e de la Chapelle<br>73460 Veyrens-Arvet<\/p><p><strong>SIRET<\/strong> : 98446713400016<br><strong>Code APE\/NAF<\/strong> : 0149Z<\/p><hr class=\"wp-block-separator has-alpha-channel-opacity\"\/><h3 class=\"wp-block-heading\">Responsable de la Publication<\/h3><p>Monsieur Noa Flachard, en sa qualit\u00e9 de titulaire du site.<\/p><hr class=\"wp-block-separator has-alpha-channel-opacity\"\/><h3 class=\"wp-block-heading\">H\u00e9bergement du Site<\/h3><p>Le site <a href=\"https:\/\/www.lueurdabeille.fr\">https:\/\/www.lueurdabeille.fr<\/a> est h\u00e9berg\u00e9 par :<\/p><p><strong>OVH France<\/strong><br>2 rue Kellermann<br>59100 Roubaix, France<br><a href=\"https:\/\/www.ovh.com\">Site web OVH<\/a><\/p><hr class=\"wp-block-separator has-alpha-channel-opacity\"\/><h3 class=\"wp-block-heading\">Propri\u00e9t\u00e9 Intellectuelle<\/h3><p>L&rsquo;ensemble des \u00e9l\u00e9ments pr\u00e9sents sur le site <a href=\"https:\/\/www.lueurdabeille.fr\">https:\/\/www.lueurdabeille.fr<\/a>, notamment les textes, images, graphismes, logos et ic\u00f4nes, sont prot\u00e9g\u00e9s par le droit de la propri\u00e9t\u00e9 intellectuelle et sont la propri\u00e9t\u00e9 exclusive de Monsieur Noa Flachard, sauf mention contraire.<\/p><p>Toute reproduction, distribution, modification, adaptation, retransmission ou publication, m\u00eame partielle, de ces diff\u00e9rents \u00e9l\u00e9ments est strictement interdite sans l&rsquo;accord expr\u00e8s par \u00e9crit de Monsieur Noa Flachard.<\/p><hr class=\"wp-block-separator has-alpha-channel-opacity\"\/><h3 class=\"wp-block-heading\">Donn\u00e9es Personnelles<\/h3><p>Les informations collect\u00e9es sur le site <a href=\"https:\/\/www.lueurdabeille.fr\">https:\/\/www.lueurdabeille.fr<\/a> sont utilis\u00e9es dans le cadre de l&rsquo;ex\u00e9cution de services et de la gestion de la relation client. Conform\u00e9ment \u00e0 la loi \u00ab\u00a0Informatique et Libert\u00e9s\u00a0\u00bb du 6 janvier 1978 modifi\u00e9e, vous disposez d&rsquo;un droit d&rsquo;acc\u00e8s, de rectification et de suppression des informations qui vous concernent.<\/p><p>Pour exercer ce droit, veuillez envoyer un message \u00e0 : <a>contact@lueurdabeille.fr<\/a>.<\/p><hr class=\"wp-block-separator has-alpha-channel-opacity\"\/><h3 class=\"wp-block-heading\">Cookies<\/h3><p>Le site <a href=\"https:\/\/www.lueurdabeille.fr\">https:\/\/www.lueurdabeille.fr<\/a> utilise des cookies afin d&rsquo;am\u00e9liorer l&rsquo;exp\u00e9rience utilisateur, pour des fins de statistiques et de marketing. L&rsquo;utilisateur peut configurer son navigateur pour refuser les cookies.<\/p><hr class=\"wp-block-separator has-alpha-channel-opacity\"\/><h3 class=\"wp-block-heading\">Responsabilit\u00e9<\/h3><p>Monsieur Noa Flachard ne peut \u00eatre tenu responsable des dommages directs ou indirects caus\u00e9s au mat\u00e9riel de l\u2019utilisateur, lors de l\u2019acc\u00e8s au site <a href=\"https:\/\/www.lueurdabeille.fr\">https:\/\/www.lueurdabeille.fr<\/a>. L\u2019utilisateur s\u2019engage \u00e0 acc\u00e9der au site en utilisant un mat\u00e9riel r\u00e9cent, ne contenant pas de virus et avec un navigateur de derni\u00e8re g\u00e9n\u00e9ration mis \u00e0 jour.<\/p><hr class=\"wp-block-separator has-alpha-channel-opacity\"\/><h3 class=\"wp-block-heading\">Loi Applicable et Juridiction<\/h3><p>Les pr\u00e9sentes mentions l\u00e9gales sont r\u00e9gies par la loi fran\u00e7aise. En cas de litige, et \u00e0 d\u00e9faut de r\u00e9solution amiable, les tribunaux fran\u00e7ais seront seuls comp\u00e9tents pour en conna\u00eetre.<\/p><hr class=\"wp-block-separator has-alpha-channel-opacity\"\/><p><strong>Date de derni\u00e8re mise \u00e0 jour<\/strong> : 1er novembre 2024<\/p>","protected":false},"excerpt":{"rendered":"<p>\u00c9diteur du Site Le site internet Lueur d&rsquo;Abeille est \u00e9dit\u00e9 par Monsieur Noa Flachard. Domiciliation de la Soci\u00e9t\u00e9Lueur d&rsquo;Abeille158 mont\u00e9e de la Chapelle73460 Veyrens-Arvet SIRET : 98446713400016Code APE\/NAF : 0149Z [&hellip;]<\/p>\n","protected":false},"author":1,"featured_media":0,"parent":0,"menu_order":0,"comment_status":"closed","ping_status":"open","template":"","meta":{"footnotes":""},"class_list":["post-3","page","type-page","status-publish","hentry"],"yoast_head":"<!-- This site is optimized with the Yoast SEO plugin v24.0 - https:\/\/yoast.com\/wordpress\/plugins\/seo\/ -->\n<title>Mentions l\u00e9gales - Lueur d&#039;Abeille<\/title>\n<meta name=\"robots\" content=\"index, follow, max-snippet:-1, max-image-preview:large, max-video-preview:-1\" \/>\n<link rel=\"canonical\" href=\"https:\/\/www.lueurdabeille.fr\/index.php\/politique-de-confidentialite\/\" \/>\n<meta property=\"og:locale\" content=\"fr_FR\" \/>\n<meta property=\"og:type\" content=\"article\" \/>\n<meta property=\"og:title\" content=\"Mentions l\u00e9gales - Lueur d&#039;Abeille\" \/>\n<meta property=\"og:description\" content=\"\u00c9diteur du Site Le site internet Lueur d&rsquo;Abeille est \u00e9dit\u00e9 par Monsieur Noa Flachard. Domiciliation de la Soci\u00e9t\u00e9Lueur d&rsquo;Abeille158 mont\u00e9e de la Chapelle73460 Veyrens-Arvet SIRET : 98446713400016Code APE\/NAF : 0149Z [&hellip;]\" \/>\n<meta property=\"og:url\" content=\"https:\/\/www.lueurdabeille.fr\/index.php\/politique-de-confidentialite\/\" \/>\n<meta property=\"og:site_name\" content=\"Lueur d&#039;Abeille\" \/>\n<meta property=\"article:modified_time\" content=\"2024-11-01T10:25:06+00:00\" \/>\n<meta name=\"twitter:card\" content=\"summary_large_image\" \/>\n<meta name=\"twitter:label1\" content=\"Dur\u00e9e de lecture estim\u00e9e\" \/>\n\t<meta name=\"twitter:data1\" content=\"2 minutes\" \/>\n<script type=\"application\/ld+json\" class=\"yoast-schema-graph\">{\"@context\":\"https:\/\/schema.org\",\"@graph\":[{\"@type\":\"WebPage\",\"@id\":\"https:\/\/www.lueurdabeille.fr\/index.php\/politique-de-confidentialite\/\",\"url\":\"https:\/\/www.lueurdabeille.fr\/index.php\/politique-de-confidentialite\/\",\"name\":\"Mentions l\u00e9gales - Lueur d&#039;Abeille\",\"isPartOf\":{\"@id\":\"https:\/\/www.lueurdabeille.fr\/#website\"},\"datePublished\":\"2024-04-15T18:47:28+00:00\",\"dateModified\":\"2024-11-01T10:25:06+00:00\",\"breadcrumb\":{\"@id\":\"https:\/\/www.lueurdabeille.fr\/index.php\/politique-de-confidentialite\/#breadcrumb\"},\"inLanguage\":\"fr-FR\",\"potentialAction\":[{\"@type\":\"ReadAction\",\"target\":[\"https:\/\/www.lueurdabeille.fr\/index.php\/politique-de-confidentialite\/\"]}]},{\"@type\":\"BreadcrumbList\",\"@id\":\"https:\/\/www.lueurdabeille.fr\/index.php\/politique-de-confidentialite\/#breadcrumb\",\"itemListElement\":[{\"@type\":\"ListItem\",\"position\":1,\"name\":\"Accueil\",\"item\":\"https:\/\/www.lueurdabeille.fr\/\"},{\"@type\":\"ListItem\",\"position\":2,\"name\":\"Mentions l\u00e9gales\"}]},{\"@type\":\"WebSite\",\"@id\":\"https:\/\/www.lueurdabeille.fr\/#website\",\"url\":\"https:\/\/www.lueurdabeille.fr\/\",\"name\":\"Lueur d'Abeille\",\"description\":\"La puret\u00e9 de la cire d\u2019abeille, la chaleur d\u2019une flamme.\",\"publisher\":{\"@id\":\"https:\/\/www.lueurdabeille.fr\/#organization\"},\"potentialAction\":[{\"@type\":\"SearchAction\",\"target\":{\"@type\":\"EntryPoint\",\"urlTemplate\":\"https:\/\/www.lueurdabeille.fr\/?s={search_term_string}\"},\"query-input\":{\"@type\":\"PropertyValueSpecification\",\"valueRequired\":true,\"valueName\":\"search_term_string\"}}],\"inLanguage\":\"fr-FR\"},{\"@type\":\"Organization\",\"@id\":\"https:\/\/www.lueurdabeille.fr\/#organization\",\"name\":\"Lueur d'Abeille\",\"url\":\"https:\/\/www.lueurdabeille.fr\/\",\"logo\":{\"@type\":\"ImageObject\",\"inLanguage\":\"fr-FR\",\"@id\":\"https:\/\/www.lueurdabeille.fr\/#\/schema\/logo\/image\/\",\"url\":\"https:\/\/www.lueurdabeille.fr\/wp-content\/uploads\/2024\/10\/Logo-Lueur-dabeille.svg\",\"contentUrl\":\"https:\/\/www.lueurdabeille.fr\/wp-content\/uploads\/2024\/10\/Logo-Lueur-dabeille.svg\",\"width\":163,\"height\":141,\"caption\":\"Lueur d'Abeille\"},\"image\":{\"@id\":\"https:\/\/www.lueurdabeille.fr\/#\/schema\/logo\/image\/\"}}]}<\/script>\n<!-- \/ Yoast SEO plugin. -->","yoast_head_json":{"title":"Mentions l\u00e9gales - Lueur d&#039;Abeille","robots":{"index":"index","follow":"follow","max-snippet":"max-snippet:-1","max-image-preview":"max-image-preview:large","max-video-preview":"max-video-preview:-1"},"canonical":"https:\/\/www.lueurdabeille.fr\/index.php\/politique-de-confidentialite\/","og_locale":"fr_FR","og_type":"article","og_title":"Mentions l\u00e9gales - Lueur d&#039;Abeille","og_description":"\u00c9diteur du Site Le site internet Lueur d&rsquo;Abeille est \u00e9dit\u00e9 par Monsieur Noa Flachard. Domiciliation de la Soci\u00e9t\u00e9Lueur d&rsquo;Abeille158 mont\u00e9e de la Chapelle73460 Veyrens-Arvet SIRET : 98446713400016Code APE\/NAF : 0149Z [&hellip;]","og_url":"https:\/\/www.lueurdabeille.fr\/index.php\/politique-de-confidentialite\/","og_site_name":"Lueur d&#039;Abeille","article_modified_time":"2024-11-01T10:25:06+00:00","twitter_card":"summary_large_image","twitter_misc":{"Dur\u00e9e de lecture estim\u00e9e":"2 minutes"},"schema":{"@context":"https:\/\/schema.org","@graph":[{"@type":"WebPage","@id":"https:\/\/www.lueurdabeille.fr\/index.php\/politique-de-confidentialite\/","url":"https:\/\/www.lueurdabeille.fr\/index.php\/politique-de-confidentialite\/","name":"Mentions l\u00e9gales - Lueur d&#039;Abeille","isPartOf":{"@id":"https:\/\/www.lueurdabeille.fr\/#website"},"datePublished":"2024-04-15T18:47:28+00:00","dateModified":"2024-11-01T10:25:06+00:00","breadcrumb":{"@id":"https:\/\/www.lueurdabeille.fr\/index.php\/politique-de-confidentialite\/#breadcrumb"},"inLanguage":"fr-FR","potentialAction":[{"@type":"ReadAction","target":["https:\/\/www.lueurdabeille.fr\/index.php\/politique-de-confidentialite\/"]}]},{"@type":"BreadcrumbList","@id":"https:\/\/www.lueurdabeille.fr\/index.php\/politique-de-confidentialite\/#breadcrumb","itemListElement":[{"@type":"ListItem","position":1,"name":"Accueil","item":"https:\/\/www.lueurdabeille.fr\/"},{"@type":"ListItem","position":2,"name":"Mentions l\u00e9gales"}]},{"@type":"WebSite","@id":"https:\/\/www.lueurdabeille.fr\/#website","url":"https:\/\/www.lueurdabeille.fr\/","name":"Lueur d'Abeille","description":"La puret\u00e9 de la cire d\u2019abeille, la chaleur d\u2019une flamme.","publisher":{"@id":"https:\/\/www.lueurdabeille.fr\/#organization"},"potentialAction":[{"@type":"SearchAction","target":{"@type":"EntryPoint","urlTemplate":"https:\/\/www.lueurdabeille.fr\/?s={search_term_string}"},"query-input":{"@type":"PropertyValueSpecification","valueRequired":true,"valueName":"search_term_string"}}],"inLanguage":"fr-FR"},{"@type":"Organization","@id":"https:\/\/www.lueurdabeille.fr\/#organization","name":"Lueur d'Abeille","url":"https:\/\/www.lueurdabeille.fr\/","logo":{"@type":"ImageObject","inLanguage":"fr-FR","@id":"https:\/\/www.lueurdabeille.fr\/#\/schema\/logo\/image\/","url":"https:\/\/www.lueurdabeille.fr\/wp-content\/uploads\/2024\/10\/Logo-Lueur-dabeille.svg","contentUrl":"https:\/\/www.lueurdabeille.fr\/wp-content\/uploads\/2024\/10\/Logo-Lueur-dabeille.svg","width":163,"height":141,"caption":"Lueur d'Abeille"},"image":{"@id":"https:\/\/www.lueurdabeille.fr\/#\/schema\/logo\/image\/"}}]}},"_links":{"self":[{"href":"https:\/\/www.lueurdabeille.fr\/index.php\/wp-json\/wp\/v2\/pages\/3","targetHints":{"allow":["GET"]}}],"collection":[{"href":"https:\/\/www.lueurdabeille.fr\/index.php\/wp-json\/wp\/v2\/pages"}],"about":[{"href":"https:\/\/www.lueurdabeille.fr\/index.php\/wp-json\/wp\/v2\/types\/page"}],"author":[{"embeddable":true,"href":"https:\/\/www.lueurdabeille.fr\/index.php\/wp-json\/wp\/v2\/users\/1"}],"replies":[{"embeddable":true,"href":"https:\/\/www.lueurdabeille.fr\/index.php\/wp-json\/wp\/v2\/comments?post=3"}],"version-history":[{"count":2,"href":"https:\/\/www.lueurdabeille.fr\/index.php\/wp-json\/wp\/v2\/pages\/3\/revisions"}],"predecessor-version":[{"id":588,"href":"https:\/\/www.lueurdabeille.fr\/index.php\/wp-json\/wp\/v2\/pages\/3\/revisions\/588"}],"wp:attachment":[{"href":"https:\/\/www.lueurdabeille.fr\/index.php\/wp-json\/wp\/v2\/media?parent=3"}],"curies":[{"name":"wp","href":"https:\/\/api.w.org\/{rel}","templated":true}]}}